{"id":2,"date":"2021-02-26T08:04:35","date_gmt":"2021-02-26T08:04:35","guid":{"rendered":"https:\/\/cermaglianoalpi.it\/?page_id=2"},"modified":"2021-02-28T21:43:58","modified_gmt":"2021-02-28T21:43:58","slug":"perche-la-cer","status":"publish","type":"page","link":"https:\/\/cermaglianoalpi.it\/index.php\/perche-la-cer\/","title":{"rendered":"Perch\u00e9 la \u201cCER\u201d di Magliano Alpi"},"content":{"rendered":"\t\t<div data-elementor-type=\"wp-page\" data-elementor-id=\"2\" class=\"elementor elementor-2\" data-elementor-post-type=\"page\">\n\t\t\t\t\t\t<section class=\"elementor-section elementor-top-section elementor-element elementor-element-4a17ae16 cspt-col-stretched-none cspt-bg-color-over-image elementor-section-boxed elementor-section-height-default elementor-section-height-default\" data-id=\"4a17ae16\" data-element_type=\"section\" data-e-type=\"section\">\n\t\t\t\t\t\t<div class=\"elementor-container elementor-column-gap-default\">\n\t\t\t\t\t<div class=\"elementor-column elementor-col-100 elementor-top-column elementor-element elementor-element-6e6faf14 cspt-bg-color-over-image\" data-id=\"6e6faf14\" data-element_type=\"column\" data-e-type=\"column\">\n\t\t\t<div class=\"elementor-widget-wrap elementor-element-populated\">\n\t\t\t\t\t\t<div class=\"elementor-element elementor-element-5a91d298 elementor-widget elementor-widget-text-editor\" data-id=\"5a91d298\" data-element_type=\"widget\" data-e-type=\"widget\" data-widget_type=\"text-editor.default\">\n\t\t\t\t<div class=\"elementor-widget-container\">\n\t\t\t\t\t\t\t\t\t<h2>Magliano Alpi per un nuovo modello di sviluppo basato su produzione ed uso sostenibile dell\u2019Energia<\/h2>\n<h4>Retrofit edilizio e comunit\u00e0 energetiche per la creazione di valore ed il rilancio del territorio dopo la pandemia<\/h4>\t\t\t\t\t\t\t\t<\/div>\n\t\t\t\t<\/div>\n\t\t\t\t\t<\/div>\n\t\t<\/div>\n\t\t\t\t\t<\/div>\n\t\t<\/section>\n\t\t\t\t<section class=\"elementor-section elementor-top-section elementor-element elementor-element-5bda206 cspt-col-stretched-none cspt-bg-color-over-image elementor-section-boxed elementor-section-height-default elementor-section-height-default\" data-id=\"5bda206\" data-element_type=\"section\" data-e-type=\"section\">\n\t\t\t\t\t\t<div class=\"elementor-container elementor-column-gap-default\">\n\t\t\t\t\t<div class=\"elementor-column elementor-col-100 elementor-top-column elementor-element elementor-element-aad6d92 cspt-bg-color-over-image\" data-id=\"aad6d92\" data-element_type=\"column\" data-e-type=\"column\">\n\t\t\t<div class=\"elementor-widget-wrap elementor-element-populated\">\n\t\t\t\t\t\t<div class=\"elementor-element elementor-element-21d5a1a elementor-widget elementor-widget-text-editor\" data-id=\"21d5a1a\" data-element_type=\"widget\" data-e-type=\"widget\" data-widget_type=\"text-editor.default\">\n\t\t\t\t<div class=\"elementor-widget-container\">\n\t\t\t\t\t\t\t\t\t<p>La tecnologia consente di definire a modelli innovativi di gestione dell\u2019energia. La normativa europea punta alla centralit\u00e0 del cittadino consumatore\/produttore (prosumer), al quale deve essere garantito un accesso pi\u00f9 equo e sostenibile al mercato dell\u2019energia elettrica. Al centro di tale evoluzione stanno le \u201c<strong>Comunit\u00e0 Energetiche<\/strong>\u201d: esistono oggi diverse definizioni di Comunit\u00e0 Energetica, ognuna con una sua storia e con diversi riferimenti legislativi e regolatori, all\u2019interno di un quadro normativo in divenire. L\u2019obiettivo di tale entit\u00e0, al di l\u00e0 dei termini utilizzati, \u00e8: permettere ai cittadini di creare forme innovative di aggregazione e di governance nel campo dell\u2019energia per creare vantaggi per i singoli e la comunit\u00e0 -sia economici sia di qualit\u00e0 della vita- e di erogare servizi sul territorio.<\/p>\n<p>Comunit\u00e0 significa soprattutto capacit\u00e0 di aggregazione a livello locale, con una logica che favorisca le persone e i territori, che rivendicano un ruolo nella creazione di valore attraverso l\u2019innovazione nel modo di generare, consumare e gestire l\u2019energia: in tale contesto, il <strong>ruolo dei Comuni \u00e8 centrale<\/strong>, soprattutto in Italia, la cui frammentazione amministrativa in questo caso \u00e8 un valore perch\u00e8 facilita la comunicazione ed il coinvolgimento dei cittadini grazie alla vicinanza fra elettori ed eletti.<\/p>\n<p>Nel novembre 2016, la Commissione europea ha presentato un pacchetto di proposte, denominato \u201c<strong><em>Clean Energy for all Europeans Package<\/em><\/strong>\u201d (CEP), con l\u2019intento di contribuire a realizzare gli impegni assunti dall&#8217;UE con l&#8217;accordo di Parigi. La proposta ha portato all\u2019adozione di otto atti legislativi, avvenuta tra il 2018 e la prima met\u00e0 del 2019, con i quali l\u2019Unione Europea ha riformato il proprio quadro per la politica energetica. Particolare rilevanza assumono le <strong>Direttive 2018\/2001<\/strong>(che introduce le \u201c<strong>Comunit\u00e0 di Energia Rinnovabile<\/strong>\u201d) e <strong>944\/2019<\/strong> (che definisce le \u201c<strong>Comunit\u00e0 Energetiche dei Cittadini<\/strong>\u201d), che sono in fase di recepimento da parte degli Stati membri.<\/p>\n<p>\u00a0<\/p>\n<p>Trattandosi di un vero e proprio cambio di paradigma -con significativi vantaggi sugli utenti finali- l\u2019evoluzione deve necessariamente avvenire per passi successivi e a fronte di scelte strategiche e di policy da parte delle autorit\u00e0 regolatorie e degli Stati. E\u2019 necessario analizzare con rigore scientifico i possibili scenari evolutivi, effettuando sperimentazioni e verifiche in siti pilota. Il <strong>Comune di Magliano Alpi<\/strong> \u00e8 \u201cabbastanza complesso\u201d per assicurare la significativit\u00e0 dei risultati, ma con caratteristiche di limitatezza territoriale e di governabilit\u00e0 ed in grado di operare come <strong>ecosistema locale<\/strong> votato a operare come <strong>catalizzatore del cambiamento<\/strong> in un\u2019ottica di replicabilit\u00e0 tecnologica e organizzativa.<\/p>\n<p>All\u2019interno del nuovo paradigma per la gestione energetica, gli edifici (pubblici, residenziali, aziendali) rappresentano un elemento chiave: l\u2019efficienza energetica associata a sistemi di autoproduzione di energia elettrica rende bidirezionale il flusso di energia tra l\u2019edificio e la rete locale.<\/p>\n<p>L\u2019aggregazione di edifici all\u2019interno di un\u2019area territoriale pu\u00f2 pertanto abilitare soglie di investimento di interesse di investitori privati. Mettere insieme gruppi o singoli edifici di una comunit\u00e0 con criteri innovativi (smart) li abilita a diventare \u201cnodi\u201d di una \u201ccomunit\u00e0 energetica\u201d, rendendo possibili nuovi e redditizi processi economici e finanziari.<\/p>\n<p>\u00a0<\/p>\n<p>Il Comune di Magliano Alpi ha inserito nel proprio <strong>Documento Unico di Programmazione<\/strong> (<strong>DUP<\/strong>) lo sviluppo di modelli innovativi di sviluppo territoriale basati sull\u2019energia, con l\u2019obiettivo di combinare i vantaggi del Superbonus con gli incentivi per le Comunit\u00e0 di Energia Rinnovabile.<\/p>\n<p>Il Comune di Magliano Alpi rappresenta un contesto territoriale con caratteristiche di superficie e complessit\u00e0 che lo rendono ideale per sperimentare nuovi modelli organizzativi e di governance capaci di valorizzare le opportunit\u00e0 offerte dalla tecnologia e dalla normativa di derivazione europea nel campo dell\u2019energia rinnovabile.<\/p>\n<p>Il Comune ha anche aderito al \u201cManifesto delle Comunit\u00e0 Energetiche per una centralit\u00e0 attiva del Cittadino nel nuovo mercato dell\u2019energia\u201d, promosso dall\u2019Energy Center del Politecnico di Torino, entrando in sinergia attiva con un polo di eccellenza del mondo della ricerca sui temi sopra descritti.<\/p>\n<p>Grazie agli incentivi gi\u00e0 oggi disponibili per il settore privato nel campo dell\u2019energia, \u00e8 possibile creare progetti locali replicabili e a valore aggiunto, favorendone l\u2019aggregazione e creando iniziative che superano le soglie dimensionali di interesse per \u201cgrandi\u201d investitori (tipicamente alcune decine di milioni di euro).<\/p>\n<p>I Comuni, grazie ad un uso responsabile delle risorse rese disponibili dallo Stato per la Transizione nel periodo 2021-2023, possono acquisire tecnologie abilitanti e facilitare l\u2019aggregazione di Comunit\u00e0 di Energia Rinnovabile, operando come catalizzatori di innovazione per i propri territori.<\/p>\n<p>\u00a0<\/p>\n<p>Il Comune di Magliano Alpi si propone pertanto come \u201c<strong>Territorio Pilota<\/strong>\u201d dove possono essere efficacemente sperimentati <strong>nuovi modelli di business<\/strong> e <strong>nuovi prodotti finanziari<\/strong>, secondo un approccio \u201cbottom-up\u201d che parte dalla valorizzazione sistematica delle opportunit\u00e0 offerte da questo momento post-pandemico nel quale \u00e8 imperativo cavalcare il cambiamento con coraggio e determinazione.<\/p>\t\t\t\t\t\t\t\t<\/div>\n\t\t\t\t<\/div>\n\t\t\t\t\t<\/div>\n\t\t<\/div>\n\t\t\t\t\t<\/div>\n\t\t<\/section>\n\t\t\t\t<\/div>\n\t\t","protected":false},"excerpt":{"rendered":"<p>Magliano Alpi per un nuovo modello di sviluppo basato su produzione ed uso sostenibile dell\u2019Energia Retrofit edilizio e comunit\u00e0 energetiche per la creazione di valore ed il rilancio del territorio dopo la pandemia La tecnologia consente di definire a modelli innovativi di gestione dell\u2019energia. La normativa europea punta alla centralit\u00e0 del cittadino consumatore\/produttore (prosumer), al [&hellip;]<\/p>\n","protected":false},"author":4,"featured_media":0,"parent":0,"menu_order":0,"comment_status":"closed","ping_status":"closed","template":"elementor_theme","meta":{"_acf_changed":false,"footnotes":""},"class_list":["post-2","page","type-page","status-publish","hentry"],"acf":[],"_links":{"self":[{"href":"https:\/\/cermaglianoalpi.it\/index.php\/wp-json\/wp\/v2\/pages\/2","targetHints":{"allow":["GET"]}}],"collection":[{"href":"https:\/\/cermaglianoalpi.it\/index.php\/wp-json\/wp\/v2\/pages"}],"about":[{"href":"https:\/\/cermaglianoalpi.it\/index.php\/wp-json\/wp\/v2\/types\/page"}],"author":[{"embeddable":true,"href":"https:\/\/cermaglianoalpi.it\/index.php\/wp-json\/wp\/v2\/users\/4"}],"replies":[{"embeddable":true,"href":"https:\/\/cermaglianoalpi.it\/index.php\/wp-json\/wp\/v2\/comments?post=2"}],"version-history":[{"count":8,"href":"https:\/\/cermaglianoalpi.it\/index.php\/wp-json\/wp\/v2\/pages\/2\/revisions"}],"predecessor-version":[{"id":18957,"href":"https:\/\/cermaglianoalpi.it\/index.php\/wp-json\/wp\/v2\/pages\/2\/revisions\/18957"}],"wp:attachment":[{"href":"https:\/\/cermaglianoalpi.it\/index.php\/wp-json\/wp\/v2\/media?parent=2"}],"curies":[{"name":"wp","href":"https:\/\/api.w.org\/{rel}","templated":true}]}}